{"id":1343,"date":"2019-02-19T17:57:51","date_gmt":"2019-02-19T17:57:51","guid":{"rendered":"https:\/\/autocaresreboleira.com\/seguridade\/"},"modified":"2024-01-22T14:37:49","modified_gmt":"2024-01-22T14:37:49","slug":"seguridade","status":"publish","type":"page","link":"https:\/\/autocaresreboleira.com\/gl\/seguridade\/","title":{"rendered":"Seguridade"},"content":{"rendered":"\t\t<div data-elementor-type=\"wp-post\" data-elementor-id=\"1343\" class=\"elementor elementor-1343\">\n\t\t\t\t\t\t<section class=\"elementor-section elementor-top-section elementor-element elementor-element-5f52dc7 elementor-section-content-middle elementor-section-boxed elementor-section-height-default elementor-section-height-default\" data-id=\"5f52dc7\" data-element_type=\"section\" data-settings=\"{&quot;background_background&quot;:&quot;classic&quot;}\">\n\t\t\t\t\t\t\t<div class=\"elementor-background-overlay\"><\/div>\n\t\t\t\t\t\t\t<div class=\"elementor-container elementor-column-gap-no\">\n\t\t\t\t\t<div class=\"elementor-column elementor-col-100 elementor-top-column elementor-element elementor-element-e5f6d28\" data-id=\"e5f6d28\" data-element_type=\"column\">\n\t\t\t<div class=\"elementor-widget-wrap elementor-element-populated\">\n\t\t\t\t\t\t<div class=\"elementor-element elementor-element-3295271 elementor-widget elementor-widget-heading\" data-id=\"3295271\" data-element_type=\"widget\" data-widget_type=\"heading.default\">\n\t\t\t\t<div class=\"elementor-widget-container\">\n\t\t\t\t\t<h1 class=\"elementor-heading-title elementor-size-default\">Seguridade<\/h1>\t\t\t\t<\/div>\n\t\t\t\t<\/div>\n\t\t\t\t\t<\/div>\n\t\t<\/div>\n\t\t\t\t\t<\/div>\n\t\t<\/section>\n\t\t\t\t<section class=\"elementor-section elementor-top-section elementor-element elementor-element-b29cb0e elementor-section-content-middle elementor-section-boxed elementor-section-height-default elementor-section-height-default\" data-id=\"b29cb0e\" data-element_type=\"section\">\n\t\t\t\t\t\t<div class=\"elementor-container elementor-column-gap-no\">\n\t\t\t\t\t<div class=\"elementor-column elementor-col-100 elementor-top-column elementor-element elementor-element-2f0189d\" data-id=\"2f0189d\" data-element_type=\"column\">\n\t\t\t<div class=\"elementor-widget-wrap elementor-element-populated\">\n\t\t\t\t\t\t<div class=\"elementor-element elementor-element-86ddb23 elementor-widget elementor-widget-heading\" data-id=\"86ddb23\" data-element_type=\"widget\" data-widget_type=\"heading.default\">\n\t\t\t\t<div class=\"elementor-widget-container\">\n\t\t\t\t\t<h2 class=\"elementor-heading-title elementor-size-default\">Seguridade<\/h2>\t\t\t\t<\/div>\n\t\t\t\t<\/div>\n\t\t\t\t<div class=\"elementor-element elementor-element-2cbf94a elementor-widget elementor-widget-heading\" data-id=\"2cbf94a\" data-element_type=\"widget\" data-widget_type=\"heading.default\">\n\t\t\t\t<div class=\"elementor-widget-container\">\n\t\t\t\t\t<h3 class=\"elementor-heading-title elementor-size-default\">En caso de emerxencia... \u00e9 importante sabelo<\/h3>\t\t\t\t<\/div>\n\t\t\t\t<\/div>\n\t\t\t\t<div class=\"elementor-element elementor-element-8f644cb elementor-widget elementor-widget-text-editor\" data-id=\"8f644cb\" data-element_type=\"widget\" data-widget_type=\"text-editor.default\">\n\t\t\t\t<div class=\"elementor-widget-container\">\n\t\t\t\t\t\t\t\t\t<table border=\"0\">\n<tbody>\n<tr>\n<td> <\/td>\n<\/tr>\n<tr>\n<td rowspan=\"2\">\n<p><img decoding=\"async\" src=\"https:\/\/www.autocaresjuanma.com\/images\/emergencia2.jpg\" alt=\"\" width=\"45\" height=\"92\"><\/p>\n<ol>\n<li>Sobre todo, mant\u00e9n a calma. Saia rapidamente do autob\u00fas deixando as s\u00faas pertenzas persoais.<img decoding=\"async\" src=\"https:\/\/www.autocaresjuanma.com\/images\/emergencia1.jpg\" alt=\"\" width=\"142\" height=\"90\"><\/li>\n<li>Utiliza as portas e, se \u00e9 necesario, as sa\u00eddas de emerxencia m\u00e1is pr\u00f3ximas e accesibles.<\/li>\n<li>Afastese do autob\u00fas e estea nun lugar seguro do tr\u00e1fico.<\/li>\n<li>En caso de incendio leve, utilice o extintor seguindo as instruci\u00f3ns do fabricante. Se o lume se estende ou produce abundante fume, abandone rapidamente o veh\u00edculo.<\/li>\n<li>Avisar aos servizos de emerxencia.<\/li>\n<\/ol>\n<\/td>\n<\/tr>\n<\/tbody>\n<\/table>\n<table>\n<tbody>\n<tr>\n<td><strong>Apertura de portas de seguridade<\/strong><\/td>\n<td><strong>e accesos<\/strong><\/td>\n<\/tr>\n<tr>\n<td>\n<p><img decoding=\"async\" src=\"https:\/\/www.autocaresjuanma.com\/images\/accesos.jpg\" alt=\"\" width=\"131\" height=\"71\"><\/p>\n<p>Local\u00edzaos. Evite as pr\u00e9sas ao subir ou baixar do autob\u00fas.<\/p>\n<\/td>\n<td>\n<p>S\u00f3 en caso de emerxencia<img loading=\"lazy\" decoding=\"async\" src=\"https:\/\/www.autocaresjuanma.com\/images\/puertas1.jpg\" alt=\"\" width=\"50\" height=\"50\"> . O dispositivo de apertura \u00e9 visible. Case<img loading=\"lazy\" decoding=\"async\" src=\"https:\/\/www.autocaresjuanma.com\/images\/puertas2.jpg\" alt=\"\" width=\"50\" height=\"54\"> as portas.<\/p>\n<p>Debe utilizarse co veh\u00edculo parado. Cando se activa, as portas desbloquean e \u00e1brense.<\/p>\n<\/td>\n<\/tr>\n<tr align=\"center\">\n<td><strong>Martelos de Emerxencia<\/strong><\/td>\n<td><strong>do Centro<\/strong><\/td>\n<\/tr>\n<tr>\n<td>\n<p> <img loading=\"lazy\" decoding=\"async\" src=\"https:\/\/www.autocaresjuanma.com\/images\/martillos.jpg\" alt=\"\" width=\"47\" height=\"52\">  Os martelos que rompen vidros at\u00f3panse preto das fiestras marcadas como &#8220;sa\u00edda de relevo&#8221;.<\/p>\n<p>Util\u00edzaos s\u00f3 se \u00e9 imposible atravesar as portas.<\/p>\n<\/td>\n<td>\n<p><img loading=\"lazy\" decoding=\"async\" src=\"https:\/\/www.autocaresjuanma.com\/images\/pasillo-central.jpg\" alt=\"\" width=\"53\" height=\"53\">Aseg\u00farese de que non se deixaron obxectos da s\u00faa propiedade no corredor.<\/p>\n<p>Este espazo debe ser sempre libre.<\/p>\n<\/td>\n<\/tr>\n<tr align=\"center\">\n<td><strong>Botiqu\u00edn de primeiros auxilios<\/strong><\/td>\n<td><strong>do condutor<\/strong><\/td>\n<\/tr>\n<tr>\n<td>\n<p><img loading=\"lazy\" decoding=\"async\" src=\"https:\/\/www.autocaresjuanma.com\/images\/conductor.jpg\" alt=\"\" width=\"47\" height=\"50\">\u00c9 un profesional especialmente formado para este traballo.<\/p>\n<p>Siga as s\u00faas instruci\u00f3ns.<\/p>\n<\/td>\n<td>\n<p><img loading=\"lazy\" decoding=\"async\" src=\"https:\/\/www.autocaresjuanma.com\/images\/botiquin.jpg\" alt=\"\" width=\"51\" height=\"51\">Existe en todos os autobuses.<\/p>\n<p>Normalmente sit\u00faase na parte dianteira do veh\u00edculo, identificado mediante un pictograma.<\/p>\n<\/td>\n<\/tr>\n<tr align=\"center\"> Cinto <\/p>\n<td><strong>de<\/strong><\/td>\n<td><strong>seguridade de equipaxe<\/strong><\/td>\n<\/tr>\n<tr>\n<td>\n<p><img loading=\"lazy\" decoding=\"async\" src=\"https:\/\/www.autocaresjuanma.com\/images\/equipaje.jpg\" alt=\"\" width=\"46\" height=\"106\"><\/p>\n<p>A equipaxe debe colocarse no maleteiro ou na bodega do autob\u00fas.<\/p>\n<p>A equipaxe de man deber\u00e1 colocarse exclusivamente nos portaequipaxes habilitados para tal fin.<\/p>\n<p>Aseg\u00farese de que non poidan caer ao chan.<\/p>\n<\/td>\n<td>\n<p>Se o teu asento ten a fibela.<img loading=\"lazy\" decoding=\"async\" src=\"https:\/\/www.autocaresjuanma.com\/images\/cinturon.jpg\" alt=\"\" width=\"51\" height=\"53\"><\/p>\n<p>Non fumar. Lembra que est\u00e1 prohibido fumar en todo o autob\u00fas.<\/p>\n<p>Estintor. Est\u00e1 situado na parte dianteira do veh\u00edculo, normalmente preto do asento do condutor.<\/p>\n<\/td>\n<\/tr>\n<\/tbody>\n<\/table>\n\t\t\t\t\t\t\t\t<\/div>\n\t\t\t\t<\/div>\n\t\t\t\t\t<\/div>\n\t\t<\/div>\n\t\t\t\t\t<\/div>\n\t\t<\/section>\n\t\t\t\t<\/div>\n\t\t","protected":false},"excerpt":{"rendered":"<p>Seguridade Seguridade En caso de emerxencia&#8230; \u00e9 importante sabelo Sobre todo, mant\u00e9n a calma. Saia rapidamente do autob\u00fas deixando as s\u00faas pertenzas persoais. Utiliza as portas e, se \u00e9 necesario, as sa\u00eddas de emerxencia m\u00e1is pr\u00f3ximas e accesibles. Afastese do autob\u00fas e estea nun lugar seguro do tr\u00e1fico. En caso de incendio leve, utilice o [&hellip;]<\/p>\n","protected":false},"author":1,"featured_media":0,"parent":0,"menu_order":0,"comment_status":"closed","ping_status":"closed","template":"","meta":{"site-sidebar-layout":"no-sidebar","site-content-layout":"page-builder","ast-site-content-layout":"default","site-content-style":"default","site-sidebar-style":"default","ast-global-header-display":"","ast-banner-title-visibility":"","ast-main-header-display":"","ast-hfb-above-header-display":"","ast-hfb-below-header-display":"","ast-hfb-mobile-header-display":"","site-post-title":"disabled","ast-breadcrumbs-content":"","ast-featured-img":"disabled","footer-sml-layout":"","theme-transparent-header-meta":"enabled","adv-header-id-meta":"","stick-header-meta":"","header-above-stick-meta":"","header-main-stick-meta":"","header-below-stick-meta":"","astra-migrate-meta-layouts":"default","ast-page-background-enabled":"default","ast-page-background-meta":{"desktop":{"background-color":"","background-image":"","background-repeat":"repeat","background-position":"center center","background-size":"auto","background-attachment":"scroll","background-type":"","background-media":"","overlay-type":"","overlay-color":"","overlay-opacity":"","overlay-gradient":""},"tablet":{"background-color":"","background-image":"","background-repeat":"repeat","background-position":"center center","background-size":"auto","background-attachment":"scroll","background-type":"","background-media":"","overlay-type":"","overlay-color":"","overlay-opacity":"","overlay-gradient":""},"mobile":{"background-color":"","background-image":"","background-repeat":"repeat","background-position":"center center","background-size":"auto","background-attachment":"scroll","background-type":"","background-media":"","overlay-type":"","overlay-color":"","overlay-opacity":"","overlay-gradient":""}},"ast-content-background-meta":{"desktop":{"background-color":"var(--ast-global-color-5)","background-image":"","background-repeat":"repeat","background-position":"center center","background-size":"auto","background-attachment":"scroll","background-type":"","background-media":"","overlay-type":"","overlay-color":"","overlay-opacity":"","overlay-gradient":""},"tablet":{"background-color":"var(--ast-global-color-5)","background-image":"","background-repeat":"repeat","background-position":"center center","background-size":"auto","background-attachment":"scroll","background-type":"","background-media":"","overlay-type":"","overlay-color":"","overlay-opacity":"","overlay-gradient":""},"mobile":{"background-color":"var(--ast-global-color-5)","background-image":"","background-repeat":"repeat","background-position":"center center","background-size":"auto","background-attachment":"scroll","background-type":"","background-media":"","overlay-type":"","overlay-color":"","overlay-opacity":"","overlay-gradient":""}},"footnotes":""},"class_list":["post-1343","page","type-page","status-publish","hentry"],"yoast_head":"<!-- This site is optimized with the Yoast SEO plugin v25.9 - https:\/\/yoast.com\/wordpress\/plugins\/seo\/ -->\n<title>Seguridade - Autocares Reboleira<\/title>\n<meta name=\"robots\" content=\"index, follow, max-snippet:-1, max-image-preview:large, max-video-preview:-1\" \/>\n<link rel=\"canonical\" href=\"https:\/\/autocaresreboleira.com\/seguridad\/\" \/>\n<meta property=\"og:locale\" content=\"gl_ES\" \/>\n<meta property=\"og:type\" content=\"article\" \/>\n<meta property=\"og:title\" content=\"Seguridade - Autocares Reboleira\" \/>\n<meta property=\"og:description\" content=\"Seguridade Seguridade En caso de emerxencia&#8230; \u00e9 importante sabelo Sobre todo, mant\u00e9n a calma. Saia rapidamente do autob\u00fas deixando as s\u00faas pertenzas persoais. Utiliza as portas e, se \u00e9 necesario, as sa\u00eddas de emerxencia m\u00e1is pr\u00f3ximas e accesibles. Afastese do autob\u00fas e estea nun lugar seguro do tr\u00e1fico. En caso de incendio leve, utilice o [&hellip;]\" \/>\n<meta property=\"og:url\" content=\"https:\/\/autocaresreboleira.com\/seguridad\/\" \/>\n<meta property=\"og:site_name\" content=\"Autocares Reboleira\" \/>\n<meta property=\"article:modified_time\" content=\"2024-01-22T14:37:49+00:00\" \/>\n<meta property=\"og:image\" content=\"https:\/\/www.autocaresjuanma.com\/images\/emergencia2.jpg\" \/>\n<meta name=\"twitter:card\" content=\"summary_large_image\" \/>\n<meta name=\"twitter:label1\" content=\"Tempo de lectura\" \/>\n\t<meta name=\"twitter:data1\" content=\"1 minuto\" \/>\n<script type=\"application\/ld+json\" class=\"yoast-schema-graph\">{\"@context\":\"https:\/\/schema.org\",\"@graph\":[{\"@type\":\"WebPage\",\"@id\":\"https:\/\/autocaresreboleira.com\/seguridad\/\",\"url\":\"https:\/\/autocaresreboleira.com\/seguridad\/\",\"name\":\"Seguridade - Autocares Reboleira\",\"isPartOf\":{\"@id\":\"https:\/\/autocaresreboleira.com\/#website\"},\"primaryImageOfPage\":{\"@id\":\"https:\/\/autocaresreboleira.com\/seguridad\/#primaryimage\"},\"image\":{\"@id\":\"https:\/\/autocaresreboleira.com\/seguridad\/#primaryimage\"},\"thumbnailUrl\":\"https:\/\/www.autocaresjuanma.com\/images\/emergencia2.jpg\",\"datePublished\":\"2019-02-19T17:57:51+00:00\",\"dateModified\":\"2024-01-22T14:37:49+00:00\",\"breadcrumb\":{\"@id\":\"https:\/\/autocaresreboleira.com\/seguridad\/#breadcrumb\"},\"inLanguage\":\"gl-ES\",\"potentialAction\":[{\"@type\":\"ReadAction\",\"target\":[\"https:\/\/autocaresreboleira.com\/seguridad\/\"]}]},{\"@type\":\"ImageObject\",\"inLanguage\":\"gl-ES\",\"@id\":\"https:\/\/autocaresreboleira.com\/seguridad\/#primaryimage\",\"url\":\"https:\/\/www.autocaresjuanma.com\/images\/emergencia2.jpg\",\"contentUrl\":\"https:\/\/www.autocaresjuanma.com\/images\/emergencia2.jpg\"},{\"@type\":\"BreadcrumbList\",\"@id\":\"https:\/\/autocaresreboleira.com\/seguridad\/#breadcrumb\",\"itemListElement\":[{\"@type\":\"ListItem\",\"position\":1,\"name\":\"Portada\",\"item\":\"https:\/\/autocaresreboleira.com\/\"},{\"@type\":\"ListItem\",\"position\":2,\"name\":\"Seguridade\"}]},{\"@type\":\"WebSite\",\"@id\":\"https:\/\/autocaresreboleira.com\/#website\",\"url\":\"https:\/\/autocaresreboleira.com\/\",\"name\":\"Autocares Reboleira\",\"description\":\"Sitio web de Autocares Reboleira\",\"publisher\":{\"@id\":\"https:\/\/autocaresreboleira.com\/#organization\"},\"potentialAction\":[{\"@type\":\"SearchAction\",\"target\":{\"@type\":\"EntryPoint\",\"urlTemplate\":\"https:\/\/autocaresreboleira.com\/?s={search_term_string}\"},\"query-input\":{\"@type\":\"PropertyValueSpecification\",\"valueRequired\":true,\"valueName\":\"search_term_string\"}}],\"inLanguage\":\"gl-ES\"},{\"@type\":\"Organization\",\"@id\":\"https:\/\/autocaresreboleira.com\/#organization\",\"name\":\"Autocares Reboleira\",\"url\":\"https:\/\/autocaresreboleira.com\/\",\"logo\":{\"@type\":\"ImageObject\",\"inLanguage\":\"gl-ES\",\"@id\":\"https:\/\/autocaresreboleira.com\/#\/schema\/logo\/image\/\",\"url\":\"https:\/\/autocaresreboleira.com\/wp-content\/uploads\/2024\/01\/before-after-3-e1705561598325.png\",\"contentUrl\":\"https:\/\/autocaresreboleira.com\/wp-content\/uploads\/2024\/01\/before-after-3-e1705561598325.png\",\"width\":219,\"height\":113,\"caption\":\"Autocares Reboleira\"},\"image\":{\"@id\":\"https:\/\/autocaresreboleira.com\/#\/schema\/logo\/image\/\"}}]}<\/script>\n<!-- \/ Yoast SEO plugin. -->","yoast_head_json":{"title":"Seguridade - Autocares Reboleira","robots":{"index":"index","follow":"follow","max-snippet":"max-snippet:-1","max-image-preview":"max-image-preview:large","max-video-preview":"max-video-preview:-1"},"canonical":"https:\/\/autocaresreboleira.com\/seguridad\/","og_locale":"gl_ES","og_type":"article","og_title":"Seguridade - Autocares Reboleira","og_description":"Seguridade Seguridade En caso de emerxencia&#8230; \u00e9 importante sabelo Sobre todo, mant\u00e9n a calma. Saia rapidamente do autob\u00fas deixando as s\u00faas pertenzas persoais. Utiliza as portas e, se \u00e9 necesario, as sa\u00eddas de emerxencia m\u00e1is pr\u00f3ximas e accesibles. Afastese do autob\u00fas e estea nun lugar seguro do tr\u00e1fico. En caso de incendio leve, utilice o [&hellip;]","og_url":"https:\/\/autocaresreboleira.com\/seguridad\/","og_site_name":"Autocares Reboleira","article_modified_time":"2024-01-22T14:37:49+00:00","og_image":[{"url":"https:\/\/www.autocaresjuanma.com\/images\/emergencia2.jpg","type":"","width":"","height":""}],"twitter_card":"summary_large_image","twitter_misc":{"Tempo de lectura":"1 minuto"},"schema":{"@context":"https:\/\/schema.org","@graph":[{"@type":"WebPage","@id":"https:\/\/autocaresreboleira.com\/seguridad\/","url":"https:\/\/autocaresreboleira.com\/seguridad\/","name":"Seguridade - Autocares Reboleira","isPartOf":{"@id":"https:\/\/autocaresreboleira.com\/#website"},"primaryImageOfPage":{"@id":"https:\/\/autocaresreboleira.com\/seguridad\/#primaryimage"},"image":{"@id":"https:\/\/autocaresreboleira.com\/seguridad\/#primaryimage"},"thumbnailUrl":"https:\/\/www.autocaresjuanma.com\/images\/emergencia2.jpg","datePublished":"2019-02-19T17:57:51+00:00","dateModified":"2024-01-22T14:37:49+00:00","breadcrumb":{"@id":"https:\/\/autocaresreboleira.com\/seguridad\/#breadcrumb"},"inLanguage":"gl-ES","potentialAction":[{"@type":"ReadAction","target":["https:\/\/autocaresreboleira.com\/seguridad\/"]}]},{"@type":"ImageObject","inLanguage":"gl-ES","@id":"https:\/\/autocaresreboleira.com\/seguridad\/#primaryimage","url":"https:\/\/www.autocaresjuanma.com\/images\/emergencia2.jpg","contentUrl":"https:\/\/www.autocaresjuanma.com\/images\/emergencia2.jpg"},{"@type":"BreadcrumbList","@id":"https:\/\/autocaresreboleira.com\/seguridad\/#breadcrumb","itemListElement":[{"@type":"ListItem","position":1,"name":"Portada","item":"https:\/\/autocaresreboleira.com\/"},{"@type":"ListItem","position":2,"name":"Seguridade"}]},{"@type":"WebSite","@id":"https:\/\/autocaresreboleira.com\/#website","url":"https:\/\/autocaresreboleira.com\/","name":"Autocares Reboleira","description":"Sitio web de Autocares Reboleira","publisher":{"@id":"https:\/\/autocaresreboleira.com\/#organization"},"potentialAction":[{"@type":"SearchAction","target":{"@type":"EntryPoint","urlTemplate":"https:\/\/autocaresreboleira.com\/?s={search_term_string}"},"query-input":{"@type":"PropertyValueSpecification","valueRequired":true,"valueName":"search_term_string"}}],"inLanguage":"gl-ES"},{"@type":"Organization","@id":"https:\/\/autocaresreboleira.com\/#organization","name":"Autocares Reboleira","url":"https:\/\/autocaresreboleira.com\/","logo":{"@type":"ImageObject","inLanguage":"gl-ES","@id":"https:\/\/autocaresreboleira.com\/#\/schema\/logo\/image\/","url":"https:\/\/autocaresreboleira.com\/wp-content\/uploads\/2024\/01\/before-after-3-e1705561598325.png","contentUrl":"https:\/\/autocaresreboleira.com\/wp-content\/uploads\/2024\/01\/before-after-3-e1705561598325.png","width":219,"height":113,"caption":"Autocares Reboleira"},"image":{"@id":"https:\/\/autocaresreboleira.com\/#\/schema\/logo\/image\/"}}]}},"_links":{"self":[{"href":"https:\/\/autocaresreboleira.com\/gl\/wp-json\/wp\/v2\/pages\/1343","targetHints":{"allow":["GET"]}}],"collection":[{"href":"https:\/\/autocaresreboleira.com\/gl\/wp-json\/wp\/v2\/pages"}],"about":[{"href":"https:\/\/autocaresreboleira.com\/gl\/wp-json\/wp\/v2\/types\/page"}],"author":[{"embeddable":true,"href":"https:\/\/autocaresreboleira.com\/gl\/wp-json\/wp\/v2\/users\/1"}],"replies":[{"embeddable":true,"href":"https:\/\/autocaresreboleira.com\/gl\/wp-json\/wp\/v2\/comments?post=1343"}],"version-history":[{"count":4,"href":"https:\/\/autocaresreboleira.com\/gl\/wp-json\/wp\/v2\/pages\/1343\/revisions"}],"predecessor-version":[{"id":1369,"href":"https:\/\/autocaresreboleira.com\/gl\/wp-json\/wp\/v2\/pages\/1343\/revisions\/1369"}],"wp:attachment":[{"href":"https:\/\/autocaresreboleira.com\/gl\/wp-json\/wp\/v2\/media?parent=1343"}],"curies":[{"name":"wp","href":"https:\/\/api.w.org\/{rel}","templated":true}]}}